{"id":266,"date":"2024-08-21T18:39:36","date_gmt":"2024-08-21T18:39:36","guid":{"rendered":"https:\/\/www.teamvier.de\/?page_id=266"},"modified":"2024-08-22T08:50:47","modified_gmt":"2024-08-22T08:50:47","slug":"impressum","status":"publish","type":"page","link":"https:\/\/www.teamvier.de\/index.php\/impressum\/","title":{"rendered":"Impressum"},"content":{"rendered":"\t\t<div data-elementor-type=\"wp-page\" data-elementor-id=\"266\" class=\"elementor elementor-266\">\n\t\t\t\t\t\t<section class=\"elementor-section elementor-top-section elementor-element elementor-element-4d0514a8 elementor-section-content-middle elementor-section-boxed elementor-section-height-default elementor-section-height-default\" data-id=\"4d0514a8\" data-element_type=\"section\" data-e-type=\"section\" data-settings=\"{&quot;background_background&quot;:&quot;classic&quot;}\">\n\t\t\t\t\t\t\t<div class=\"elementor-background-overlay\"><\/div>\n\t\t\t\t\t\t\t<div class=\"elementor-container elementor-column-gap-no\">\n\t\t\t\t\t<div class=\"elementor-column elementor-col-100 elementor-top-column elementor-element elementor-element-f446c16\" data-id=\"f446c16\" data-element_type=\"column\" data-e-type=\"column\">\n\t\t\t<div class=\"elementor-widget-wrap elementor-element-populated\">\n\t\t\t\t\t\t<section class=\"elementor-section elementor-inner-section elementor-element elementor-element-47eee6db elementor-section-boxed elementor-section-height-default elementor-section-height-default\" data-id=\"47eee6db\" data-element_type=\"section\" data-e-type=\"section\">\n\t\t\t\t\t\t<div class=\"elementor-container elementor-column-gap-extended\">\n\t\t\t\t\t<div class=\"elementor-column elementor-col-100 elementor-inner-column elementor-element elementor-element-1e957023\" data-id=\"1e957023\" data-element_type=\"column\" data-e-type=\"column\">\n\t\t\t<div class=\"elementor-widget-wrap elementor-element-populated\">\n\t\t\t\t\t\t<div class=\"elementor-element elementor-element-7d5dbe91 animated-slow elementor-invisible elementor-widget elementor-widget-heading\" data-id=\"7d5dbe91\" data-element_type=\"widget\" data-e-type=\"widget\" data-settings=\"{&quot;_animation&quot;:&quot;fadeIn&quot;,&quot;_animation_delay&quot;:600}\" data-widget_type=\"heading.default\">\n\t\t\t\t<div class=\"elementor-widget-container\">\n\t\t\t\t\t<h2 class=\"elementor-heading-title elementor-size-default\">Impressum<\/h2>\t\t\t\t<\/div>\n\t\t\t\t<\/div>\n\t\t\t\t<div class=\"elementor-element elementor-element-3ec8d1c elementor-widget elementor-widget-text-editor\" data-id=\"3ec8d1c\" data-element_type=\"widget\" data-e-type=\"widget\" data-widget_type=\"text-editor.default\">\n\t\t\t\t<div class=\"elementor-widget-container\">\n\t\t\t\t\t\t\t\t\t<p><strong>Diese Webseite wird betrieben durch:<\/strong><\/p><p>Team4 GbR<br \/>Gartenstra\u00dfe 43<br \/>34125 Kassel<\/p><p>vertretungsberechtigter Gesellschafter: Markus Siedlewski, Bernd Firle, Michael Siedlewski<br \/>Verantwortlich f\u00fcr den Inhalt der Seite: Markus Siedlewski, Bernd Firle, Michael Siedlewski<\/p><p><strong>Kontakt<\/strong><\/p><p>Telefon:(+49) 561 \/ 89 99 90<\/p><p>Fax:(+49) 561 \/ 85 73 8<\/p><p>Email:info@teamvier.de<\/p><p><strong>Zust\u00e4ndgige<\/strong> <strong>Aufsichtsbeh\u00f6rde<\/strong><\/p><p>Regierungspr\u00e4sidium Kassel, IHK Kassel<\/p><p>Das Design der Homepage, die verwendeten Grafiken sowie die Sammlung der Beitr\u00e4ge sind urheberrechtlich gesch\u00fctzt.<\/p><p>Die Seiten d\u00fcrfen nur zum privaten Gebrauch vervielf\u00e4ltigt,<\/p><p>\u00c4nderungen nicht vorgenommen und Vervielf\u00e4ltigungsst\u00fccke weder verbreitet noch zu \u00f6ffentlichen Wiedergaben benutzt werden.<\/p><p>Die einzelnen Beitr\u00e4ge sind ebenfalls urheberrechtlich gesch\u00fctzt; weitere Hinweise k\u00f6nnen ggf. dort nachgelesen werden. Alle Informationen auf diesem Server erfolgen ohne Gew\u00e4hr f\u00fcr ihre Richtigkeit. In keinem Fall wird f\u00fcr Sch\u00e4den, die sich aus der Verwendung der abgerufenen Informationen ergeben, eine Haftung \u00fcbernommen.<\/p><p>Zusatz<\/p><p>Um Ihnen Qualit\u00e4tsumz\u00fcge bieten zu k\u00f6nnen, erwarben wir im Jahre 2005 bei der Europ\u00e4ischen Wirtschaftsgemeinschaft eine Lizenz (NR. D\/ 1302\/ HE\/ ka) f\u00fcr den grenz\u00fcberschreitenden gewerblichen G\u00fcterkraftverkehr. Diese wurde vom Regierungspr\u00e4sidium Kassel ausgestellt.<\/p><div style=\"color: #000000; font-size: 15.2px; margin-top: 20px; margin-bottom: 20px; float: left; text-align: justify; width: 850px; font-family: Tahoma, Arial, Geneva, Verdana, sans-serif; font-style: normal; font-variant-ligatures: normal; font-variant-caps: normal; font-weight: 400;\"><p style=\"font-size: 15.2px; margin-bottom: 0px;\">\u00a0<\/p><\/div>\t\t\t\t\t\t\t\t<\/div>\n\t\t\t\t<\/div>\n\t\t\t\t<div class=\"elementor-element elementor-element-19fbd89b elementor-widget elementor-widget-spacer\" data-id=\"19fbd89b\" data-element_type=\"widget\" data-e-type=\"widget\" data-widget_type=\"spacer.default\">\n\t\t\t\t<div class=\"elementor-widget-container\">\n\t\t\t\t\t\t\t<div class=\"elementor-spacer\">\n\t\t\t<div class=\"elementor-spacer-inner\"><\/div>\n\t\t<\/div>\n\t\t\t\t\t\t<\/div>\n\t\t\t\t<\/div>\n\t\t\t\t\t<\/div>\n\t\t<\/div>\n\t\t\t\t\t<\/div>\n\t\t<\/section>\n\t\t\t\t\t<\/div>\n\t\t<\/div>\n\t\t\t\t\t<\/div>\n\t\t<\/section>\n\t\t\t\t<\/div>\n\t\t","protected":false},"excerpt":{"rendered":"<p>Impressum Diese Webseite wird betrieben durch: Team4 GbRGartenstra\u00dfe 4334125 Kassel vertretungsberechtigter Gesellschafter: Markus Siedlewski, Bernd Firle, Michael SiedlewskiVerantwortlich f\u00fcr den Inhalt der Seite: Markus Siedlewski, Bernd Firle, Michael Siedlewski Kontakt Telefon:(+49) 561 \/ 89 99 90 Fax:(+49) 561 \/ 85 73 8 Email:info@teamvier.de Zust\u00e4ndgige Aufsichtsbeh\u00f6rde Regierungspr\u00e4sidium Kassel, IHK Kassel Das Design der Homepage, die verwendeten [&hellip;]<\/p>\n","protected":false},"author":1,"featured_media":0,"parent":0,"menu_order":0,"comment_status":"closed","ping_status":"closed","template":"","meta":{"ocean_post_layout":"full-screen","ocean_both_sidebars_style":"","ocean_both_sidebars_content_width":0,"ocean_both_sidebars_sidebars_width":0,"ocean_sidebar":"","ocean_second_sidebar":"","ocean_disable_margins":"enable","ocean_add_body_class":"","ocean_shortcode_before_top_bar":"","ocean_shortcode_after_top_bar":"","ocean_shortcode_before_header":"","ocean_shortcode_after_header":"","ocean_has_shortcode":"","ocean_shortcode_after_title":"","ocean_shortcode_before_footer_widgets":"","ocean_shortcode_after_footer_widgets":"","ocean_shortcode_before_footer_bottom":"","ocean_shortcode_after_footer_bottom":"","ocean_display_top_bar":"off","ocean_display_header":"off","ocean_header_style":"","ocean_center_header_left_menu":"","ocean_custom_header_template":"","ocean_custom_logo":0,"ocean_custom_retina_logo":0,"ocean_custom_logo_max_width":0,"ocean_custom_logo_tablet_max_width":0,"ocean_custom_logo_mobile_max_width":0,"ocean_custom_logo_max_height":0,"ocean_custom_logo_tablet_max_height":0,"ocean_custom_logo_mobile_max_height":0,"ocean_header_custom_menu":"","ocean_menu_typo_font_family":"","ocean_menu_typo_font_subset":"","ocean_menu_typo_font_size":0,"ocean_menu_typo_font_size_tablet":0,"ocean_menu_typo_font_size_mobile":0,"ocean_menu_typo_font_size_unit":"px","ocean_menu_typo_font_weight":"","ocean_menu_typo_font_weight_tablet":"","ocean_menu_typo_font_weight_mobile":"","ocean_menu_typo_transform":"","ocean_menu_typo_transform_tablet":"","ocean_menu_typo_transform_mobile":"","ocean_menu_typo_line_height":0,"ocean_menu_typo_line_height_tablet":0,"ocean_menu_typo_line_height_mobile":0,"ocean_menu_typo_line_height_unit":"","ocean_menu_typo_spacing":0,"ocean_menu_typo_spacing_tablet":0,"ocean_menu_typo_spacing_mobile":0,"ocean_menu_typo_spacing_unit":"","ocean_menu_link_color":"","ocean_menu_link_color_hover":"","ocean_menu_link_color_active":"","ocean_menu_link_background":"","ocean_menu_link_hover_background":"","ocean_menu_link_active_background":"","ocean_menu_social_links_bg":"","ocean_menu_social_hover_links_bg":"","ocean_menu_social_links_color":"","ocean_menu_social_hover_links_color":"","ocean_disable_title":"on","ocean_disable_heading":"default","ocean_post_title":"","ocean_post_subheading":"","ocean_post_title_style":"","ocean_post_title_background_color":"","ocean_post_title_background":0,"ocean_post_title_bg_image_position":"","ocean_post_title_bg_image_attachment":"","ocean_post_title_bg_image_repeat":"","ocean_post_title_bg_image_size":"","ocean_post_title_height":0,"ocean_post_title_bg_overlay":0.5,"ocean_post_title_bg_overlay_color":"","ocean_disable_breadcrumbs":"default","ocean_breadcrumbs_color":"","ocean_breadcrumbs_separator_color":"","ocean_breadcrumbs_links_color":"","ocean_breadcrumbs_links_hover_color":"","ocean_display_footer_widgets":"off","ocean_display_footer_bottom":"off","ocean_custom_footer_template":"","footnotes":""},"class_list":["post-266","page","type-page","status-publish","hentry","entry"],"yoast_head":"<!-- This site is optimized with the Yoast SEO plugin v27.2 - https:\/\/yoast.com\/product\/yoast-seo-wordpress\/ -->\n<title>Impressum - Team 4 GbR<\/title>\n<meta name=\"robots\" content=\"index, follow, max-snippet:-1, max-image-preview:large, max-video-preview:-1\" \/>\n<link rel=\"canonical\" href=\"https:\/\/www.teamvier.de\/index.php\/impressum\/\" \/>\n<meta property=\"og:locale\" content=\"de_DE\" \/>\n<meta property=\"og:type\" content=\"article\" \/>\n<meta property=\"og:title\" content=\"Impressum - Team 4 GbR\" \/>\n<meta property=\"og:description\" content=\"Impressum Diese Webseite wird betrieben durch: Team4 GbRGartenstra\u00dfe 4334125 Kassel vertretungsberechtigter Gesellschafter: Markus Siedlewski, Bernd Firle, Michael SiedlewskiVerantwortlich f\u00fcr den Inhalt der Seite: Markus Siedlewski, Bernd Firle, Michael Siedlewski Kontakt Telefon:(+49) 561 \/ 89 99 90 Fax:(+49) 561 \/ 85 73 8 Email:info@teamvier.de Zust\u00e4ndgige Aufsichtsbeh\u00f6rde Regierungspr\u00e4sidium Kassel, IHK Kassel Das Design der Homepage, die verwendeten [&hellip;]\" \/>\n<meta property=\"og:url\" content=\"https:\/\/www.teamvier.de\/index.php\/impressum\/\" \/>\n<meta property=\"og:site_name\" content=\"Team 4 GbR\" \/>\n<meta property=\"article:modified_time\" content=\"2024-08-22T08:50:47+00:00\" \/>\n<meta name=\"twitter:card\" content=\"summary_large_image\" \/>\n<meta name=\"twitter:label1\" content=\"Gesch\u00e4tzte Lesezeit\" \/>\n\t<meta name=\"twitter:data1\" content=\"1\u00a0Minute\" \/>\n<script type=\"application\/ld+json\" class=\"yoast-schema-graph\">{\"@context\":\"https:\/\/schema.org\",\"@graph\":[{\"@type\":\"WebPage\",\"@id\":\"https:\/\/www.teamvier.de\/index.php\/impressum\/\",\"url\":\"https:\/\/www.teamvier.de\/index.php\/impressum\/\",\"name\":\"Impressum - Team 4 GbR\",\"isPartOf\":{\"@id\":\"https:\/\/www.teamvier.de\/#website\"},\"datePublished\":\"2024-08-21T18:39:36+00:00\",\"dateModified\":\"2024-08-22T08:50:47+00:00\",\"breadcrumb\":{\"@id\":\"https:\/\/www.teamvier.de\/index.php\/impressum\/#breadcrumb\"},\"inLanguage\":\"de\",\"potentialAction\":[{\"@type\":\"ReadAction\",\"target\":[\"https:\/\/www.teamvier.de\/index.php\/impressum\/\"]}]},{\"@type\":\"BreadcrumbList\",\"@id\":\"https:\/\/www.teamvier.de\/index.php\/impressum\/#breadcrumb\",\"itemListElement\":[{\"@type\":\"ListItem\",\"position\":1,\"name\":\"Startseite\",\"item\":\"https:\/\/www.teamvier.de\/\"},{\"@type\":\"ListItem\",\"position\":2,\"name\":\"Impressum\"}]},{\"@type\":\"WebSite\",\"@id\":\"https:\/\/www.teamvier.de\/#website\",\"url\":\"https:\/\/www.teamvier.de\/\",\"name\":\"Team4 GbR\",\"description\":\"\",\"publisher\":{\"@id\":\"https:\/\/www.teamvier.de\/#organization\"},\"potentialAction\":[{\"@type\":\"SearchAction\",\"target\":{\"@type\":\"EntryPoint\",\"urlTemplate\":\"https:\/\/www.teamvier.de\/?s={search_term_string}\"},\"query-input\":{\"@type\":\"PropertyValueSpecification\",\"valueRequired\":true,\"valueName\":\"search_term_string\"}}],\"inLanguage\":\"de\"},{\"@type\":\"Organization\",\"@id\":\"https:\/\/www.teamvier.de\/#organization\",\"name\":\"Team4 GbR\",\"url\":\"https:\/\/www.teamvier.de\/\",\"logo\":{\"@type\":\"ImageObject\",\"inLanguage\":\"de\",\"@id\":\"https:\/\/www.teamvier.de\/#\/schema\/logo\/image\/\",\"url\":\"https:\/\/www.teamvier.de\/wp-content\/uploads\/2024\/08\/logo-500pxl-schwarz-1.png\",\"contentUrl\":\"https:\/\/www.teamvier.de\/wp-content\/uploads\/2024\/08\/logo-500pxl-schwarz-1.png\",\"width\":551,\"height\":160,\"caption\":\"Team4 GbR\"},\"image\":{\"@id\":\"https:\/\/www.teamvier.de\/#\/schema\/logo\/image\/\"}}]}<\/script>\n<!-- \/ Yoast SEO plugin. -->","yoast_head_json":{"title":"Impressum - Team 4 GbR","robots":{"index":"index","follow":"follow","max-snippet":"max-snippet:-1","max-image-preview":"max-image-preview:large","max-video-preview":"max-video-preview:-1"},"canonical":"https:\/\/www.teamvier.de\/index.php\/impressum\/","og_locale":"de_DE","og_type":"article","og_title":"Impressum - Team 4 GbR","og_description":"Impressum Diese Webseite wird betrieben durch: Team4 GbRGartenstra\u00dfe 4334125 Kassel vertretungsberechtigter Gesellschafter: Markus Siedlewski, Bernd Firle, Michael SiedlewskiVerantwortlich f\u00fcr den Inhalt der Seite: Markus Siedlewski, Bernd Firle, Michael Siedlewski Kontakt Telefon:(+49) 561 \/ 89 99 90 Fax:(+49) 561 \/ 85 73 8 Email:info@teamvier.de Zust\u00e4ndgige Aufsichtsbeh\u00f6rde Regierungspr\u00e4sidium Kassel, IHK Kassel Das Design der Homepage, die verwendeten [&hellip;]","og_url":"https:\/\/www.teamvier.de\/index.php\/impressum\/","og_site_name":"Team 4 GbR","article_modified_time":"2024-08-22T08:50:47+00:00","twitter_card":"summary_large_image","twitter_misc":{"Gesch\u00e4tzte Lesezeit":"1\u00a0Minute"},"schema":{"@context":"https:\/\/schema.org","@graph":[{"@type":"WebPage","@id":"https:\/\/www.teamvier.de\/index.php\/impressum\/","url":"https:\/\/www.teamvier.de\/index.php\/impressum\/","name":"Impressum - Team 4 GbR","isPartOf":{"@id":"https:\/\/www.teamvier.de\/#website"},"datePublished":"2024-08-21T18:39:36+00:00","dateModified":"2024-08-22T08:50:47+00:00","breadcrumb":{"@id":"https:\/\/www.teamvier.de\/index.php\/impressum\/#breadcrumb"},"inLanguage":"de","potentialAction":[{"@type":"ReadAction","target":["https:\/\/www.teamvier.de\/index.php\/impressum\/"]}]},{"@type":"BreadcrumbList","@id":"https:\/\/www.teamvier.de\/index.php\/impressum\/#breadcrumb","itemListElement":[{"@type":"ListItem","position":1,"name":"Startseite","item":"https:\/\/www.teamvier.de\/"},{"@type":"ListItem","position":2,"name":"Impressum"}]},{"@type":"WebSite","@id":"https:\/\/www.teamvier.de\/#website","url":"https:\/\/www.teamvier.de\/","name":"Team4 GbR","description":"","publisher":{"@id":"https:\/\/www.teamvier.de\/#organization"},"potentialAction":[{"@type":"SearchAction","target":{"@type":"EntryPoint","urlTemplate":"https:\/\/www.teamvier.de\/?s={search_term_string}"},"query-input":{"@type":"PropertyValueSpecification","valueRequired":true,"valueName":"search_term_string"}}],"inLanguage":"de"},{"@type":"Organization","@id":"https:\/\/www.teamvier.de\/#organization","name":"Team4 GbR","url":"https:\/\/www.teamvier.de\/","logo":{"@type":"ImageObject","inLanguage":"de","@id":"https:\/\/www.teamvier.de\/#\/schema\/logo\/image\/","url":"https:\/\/www.teamvier.de\/wp-content\/uploads\/2024\/08\/logo-500pxl-schwarz-1.png","contentUrl":"https:\/\/www.teamvier.de\/wp-content\/uploads\/2024\/08\/logo-500pxl-schwarz-1.png","width":551,"height":160,"caption":"Team4 GbR"},"image":{"@id":"https:\/\/www.teamvier.de\/#\/schema\/logo\/image\/"}}]}},"_links":{"self":[{"href":"https:\/\/www.teamvier.de\/index.php\/wp-json\/wp\/v2\/pages\/266","targetHints":{"allow":["GET"]}}],"collection":[{"href":"https:\/\/www.teamvier.de\/index.php\/wp-json\/wp\/v2\/pages"}],"about":[{"href":"https:\/\/www.teamvier.de\/index.php\/wp-json\/wp\/v2\/types\/page"}],"author":[{"embeddable":true,"href":"https:\/\/www.teamvier.de\/index.php\/wp-json\/wp\/v2\/users\/1"}],"replies":[{"embeddable":true,"href":"https:\/\/www.teamvier.de\/index.php\/wp-json\/wp\/v2\/comments?post=266"}],"version-history":[{"count":10,"href":"https:\/\/www.teamvier.de\/index.php\/wp-json\/wp\/v2\/pages\/266\/revisions"}],"predecessor-version":[{"id":283,"href":"https:\/\/www.teamvier.de\/index.php\/wp-json\/wp\/v2\/pages\/266\/revisions\/283"}],"wp:attachment":[{"href":"https:\/\/www.teamvier.de\/index.php\/wp-json\/wp\/v2\/media?parent=266"}],"curies":[{"name":"wp","href":"https:\/\/api.w.org\/{rel}","templated":true}]}}